{"id":12849,"date":"2020-04-15T13:23:33","date_gmt":"2020-04-15T16:23:33","guid":{"rendered":"http:\/\/localhost\/divein\/?page_id=12849"},"modified":"2021-01-30T11:49:33","modified_gmt":"2021-01-30T14:49:33","slug":"nossos-cursos-megalops","status":"publish","type":"page","link":"https:\/\/www.megalops.com.br\/index.php\/nossos-cursos-megalops\/","title":{"rendered":"Nossos Cursos"},"content":{"rendered":"\t\t<div data-elementor-type=\"wp-page\" data-elementor-id=\"12849\" class=\"elementor elementor-12849\">\n\t\t\t\t\t\t<section class=\"elementor-section elementor-top-section elementor-element elementor-element-cfb8b26 elementor-section-full_width elementor-section-stretched elementor-section-height-default elementor-section-height-default\" data-id=\"cfb8b26\" data-element_type=\"section\" data-e-type=\"section\" data-settings=\"{&quot;stretch_section&quot;:&quot;section-stretched&quot;,&quot;background_background&quot;:&quot;classic&quot;}\">\n\t\t\t\t\t\t<div class=\"elementor-container elementor-column-gap-default\">\n\t\t\t\t\t<div class=\"elementor-column elementor-col-25 elementor-top-column elementor-element elementor-element-6cedbec\" data-id=\"6cedbec\" data-element_type=\"column\" data-e-type=\"column\">\n\t\t\t<div class=\"elementor-widget-wrap\">\n\t\t\t\t\t\t\t<\/div>\n\t\t<\/div>\n\t\t\t\t<div class=\"elementor-column elementor-col-25 elementor-top-column elementor-element elementor-element-142a78b\" data-id=\"142a78b\" data-element_type=\"column\" data-e-type=\"column\">\n\t\t\t<div class=\"elementor-widget-wrap elementor-element-populated\">\n\t\t\t\t\t\t<div class=\"elementor-element elementor-element-f67d0b1 elementor-widget elementor-widget-image\" data-id=\"f67d0b1\" data-element_type=\"widget\" data-e-type=\"widget\" data-widget_type=\"image.default\">\n\t\t\t\t<div class=\"elementor-widget-container\">\n\t\t\t\t\t\t\t\t\t\t\t\t\t\t\t<img decoding=\"async\" width=\"236\" height=\"150\" src=\"https:\/\/www.megalops.com.br\/wp-content\/uploads\/2019\/04\/open-water-diver-curse.png\" class=\"attachment-medium_large size-medium_large wp-image-13997\" alt=\"\" \/>\t\t\t\t\t\t\t\t\t\t\t\t\t\t\t<\/div>\n\t\t\t\t<\/div>\n\t\t\t\t<div class=\"elementor-element elementor-element-2f9b655 elementor-widget elementor-widget-heading\" data-id=\"2f9b655\" data-element_type=\"widget\" data-e-type=\"widget\" data-widget_type=\"heading.default\">\n\t\t\t\t<div class=\"elementor-widget-container\">\n\t\t\t\t\t<h2 class=\"elementor-heading-title elementor-size-large\">Open Water Diver<\/h2>\t\t\t\t<\/div>\n\t\t\t\t<\/div>\n\t\t\t\t<div class=\"elementor-element elementor-element-1b7c21b elementor-widget elementor-widget-text-editor\" data-id=\"1b7c21b\" data-element_type=\"widget\" data-e-type=\"widget\" data-widget_type=\"text-editor.default\">\n\t\t\t\t<div class=\"elementor-widget-container\">\n\t\t\t\t\t\t\t\t\t<p>O sexto continente espera por voc\u00ea!<br \/>O curso SNSI Open Water Diver ensinar\u00e1 voc\u00ea a usar o equipamento de mergulho aut\u00f4nomo e a mergulhar com seu amigo a uma profundidade de 18m \/ 60 p\u00e9s.<br \/>O curso est\u00e1 dividido em cinco sess\u00f5es te\u00f3ricas, cinco em piscina (ou \u00e1guas confinadas) e quatro mergulhos em \u00e1guas abertas. Por meio deles, voc\u00ea aprender\u00e1 tudo o que precisa saber para se tornar um SNSI Open Water Diver.<\/p>\t\t\t\t\t\t\t\t<\/div>\n\t\t\t\t<\/div>\n\t\t\t\t\t<\/div>\n\t\t<\/div>\n\t\t\t\t<div class=\"elementor-column elementor-col-25 elementor-top-column elementor-element elementor-element-1dd2f5f\" data-id=\"1dd2f5f\" data-element_type=\"column\" data-e-type=\"column\">\n\t\t\t<div class=\"elementor-widget-wrap elementor-element-populated\">\n\t\t\t\t\t\t<div class=\"elementor-element elementor-element-8714fd4 elementor-widget elementor-widget-image\" data-id=\"8714fd4\" data-element_type=\"widget\" data-e-type=\"widget\" data-widget_type=\"image.default\">\n\t\t\t\t<div class=\"elementor-widget-container\">\n\t\t\t\t\t\t\t\t\t\t\t\t\t\t\t<img decoding=\"async\" width=\"236\" height=\"150\" src=\"https:\/\/www.megalops.com.br\/wp-content\/uploads\/2019\/04\/Rescue-diver.png\" class=\"attachment-medium_large size-medium_large wp-image-13999\" alt=\"\" \/>\t\t\t\t\t\t\t\t\t\t\t\t\t\t\t<\/div>\n\t\t\t\t<\/div>\n\t\t\t\t<div class=\"elementor-element elementor-element-c787bb2 elementor-widget elementor-widget-heading\" data-id=\"c787bb2\" data-element_type=\"widget\" data-e-type=\"widget\" data-widget_type=\"heading.default\">\n\t\t\t\t<div class=\"elementor-widget-container\">\n\t\t\t\t\t<h2 class=\"elementor-heading-title elementor-size-large\">Rescue Diver<\/h2>\t\t\t\t<\/div>\n\t\t\t\t<\/div>\n\t\t\t\t<div class=\"elementor-element elementor-element-de14e1a elementor-widget elementor-widget-text-editor\" data-id=\"de14e1a\" data-element_type=\"widget\" data-e-type=\"widget\" data-widget_type=\"text-editor.default\">\n\t\t\t\t<div class=\"elementor-widget-container\">\n\t\t\t\t\t\t\t\t\t<p>Com o curso SNSI Rescue Diver voc\u00ea come\u00e7ar\u00e1 a ver o mundo subaqu\u00e1tico de uma maneira diferente, voc\u00ea n\u00e3o s\u00f3 ter\u00e1 a responsabilidade por seu pr\u00f3prio bem-estar, mas tamb\u00e9m por seus companheiros de mergulho.<br \/>O objetivo do curso Rescue Diver \u00e9 aprender as t\u00e9cnicas corretas de resgate e autorresgate.<br \/>O programa \u00e9 dividido em tr\u00eas sess\u00f5es te\u00f3ricas e quatro aqu\u00e1ticas, onde voc\u00ea aprender\u00e1 tudo o que precisa para se tornar um mergulhador competente e seguro: um Mergulhador de Resgate SNSI<\/p>\t\t\t\t\t\t\t\t<\/div>\n\t\t\t\t<\/div>\n\t\t\t\t\t<\/div>\n\t\t<\/div>\n\t\t\t\t<div class=\"elementor-column elementor-col-25 elementor-top-column elementor-element elementor-element-57ac1a5\" data-id=\"57ac1a5\" data-element_type=\"column\" data-e-type=\"column\">\n\t\t\t<div class=\"elementor-widget-wrap\">\n\t\t\t\t\t\t\t<\/div>\n\t\t<\/div>\n\t\t\t\t\t<\/div>\n\t\t<\/section>\n\t\t\t\t<section class=\"elementor-section elementor-top-section elementor-element elementor-element-929f33a elementor-section-full_width elementor-section-stretched elementor-section-height-default elementor-section-height-default\" data-id=\"929f33a\" data-element_type=\"section\" data-e-type=\"section\" data-settings=\"{&quot;stretch_section&quot;:&quot;section-stretched&quot;,&quot;background_background&quot;:&quot;classic&quot;}\">\n\t\t\t\t\t\t<div class=\"elementor-container elementor-column-gap-default\">\n\t\t\t\t\t<div class=\"elementor-column elementor-col-25 elementor-top-column elementor-element elementor-element-73a6bba\" data-id=\"73a6bba\" data-element_type=\"column\" data-e-type=\"column\">\n\t\t\t<div class=\"elementor-widget-wrap\">\n\t\t\t\t\t\t\t<\/div>\n\t\t<\/div>\n\t\t\t\t<div class=\"elementor-column elementor-col-25 elementor-top-column elementor-element elementor-element-1ba84ff\" data-id=\"1ba84ff\" data-element_type=\"column\" data-e-type=\"column\">\n\t\t\t<div class=\"elementor-widget-wrap elementor-element-populated\">\n\t\t\t\t\t\t<div class=\"elementor-element elementor-element-f3dc793 elementor-widget elementor-widget-image\" data-id=\"f3dc793\" data-element_type=\"widget\" data-e-type=\"widget\" data-widget_type=\"image.default\">\n\t\t\t\t<div class=\"elementor-widget-container\">\n\t\t\t\t\t\t\t\t\t\t\t\t\t\t\t<img decoding=\"async\" width=\"236\" height=\"150\" src=\"https:\/\/www.megalops.com.br\/wp-content\/uploads\/2019\/04\/advanced-pen-water.png\" class=\"attachment-medium_large size-medium_large wp-image-13996\" alt=\"\" \/>\t\t\t\t\t\t\t\t\t\t\t\t\t\t\t<\/div>\n\t\t\t\t<\/div>\n\t\t\t\t<div class=\"elementor-element elementor-element-9870b2e elementor-widget elementor-widget-heading\" data-id=\"9870b2e\" data-element_type=\"widget\" data-e-type=\"widget\" data-widget_type=\"heading.default\">\n\t\t\t\t<div class=\"elementor-widget-container\">\n\t\t\t\t\t<h2 class=\"elementor-heading-title elementor-size-large\">Advanced Open Water Diver<\/h2>\t\t\t\t<\/div>\n\t\t\t\t<\/div>\n\t\t\t\t<div class=\"elementor-element elementor-element-0a40e8c elementor-widget elementor-widget-text-editor\" data-id=\"0a40e8c\" data-element_type=\"widget\" data-e-type=\"widget\" data-widget_type=\"text-editor.default\">\n\t\t\t\t<div class=\"elementor-widget-container\">\n\t\t\t\t\t\t\t\t\t<p>Este curso o levar\u00e1 a viver novas experi\u00eancias.<br \/>SNSI \u00e9 a \u00fanica ag\u00eancia de treinamento que oferece um curso t\u00e3o abrangente.<br \/>O primeiro mergulho ser\u00e1 totalmente focado em melhorar sua flutuabilidade. O segundo enfocar\u00e1 o uso da b\u00fassola e orienta\u00e7\u00e3o subaqu\u00e1tica por meio do uso de marcos naturais. O terceiro ser\u00e1 um mergulho noturno para admirar o ambiente marinho em uma situa\u00e7\u00e3o completamente diferente da vida cotidiana. O quarto abrange o mergulho profundo, onde voc\u00ea come\u00e7ar\u00e1 a planejar um mergulho a uma profundidade de 130 p\u00e9s \/ 39 metros, aperfei\u00e7oando sua experi\u00eancia em mergulho \u00e0 deriva ou atual.<br \/>O curso requer um m\u00ednimo de 5 sess\u00f5es acad\u00eamicas e 6 mergulhos em \u00e1guas abertas, onde voc\u00ea aprender\u00e1 todos os conhecimentos necess\u00e1rios para se tornar um: Advanced Open Water Diver SNSI.<\/p>\t\t\t\t\t\t\t\t<\/div>\n\t\t\t\t<\/div>\n\t\t\t\t\t<\/div>\n\t\t<\/div>\n\t\t\t\t<div class=\"elementor-column elementor-col-25 elementor-top-column elementor-element elementor-element-cb83e6b\" data-id=\"cb83e6b\" data-element_type=\"column\" data-e-type=\"column\">\n\t\t\t<div class=\"elementor-widget-wrap elementor-element-populated\">\n\t\t\t\t\t\t<div class=\"elementor-element elementor-element-3110d9e elementor-widget elementor-widget-image\" data-id=\"3110d9e\" data-element_type=\"widget\" data-e-type=\"widget\" data-widget_type=\"image.default\">\n\t\t\t\t<div class=\"elementor-widget-container\">\n\t\t\t\t\t\t\t\t\t\t\t\t\t\t\t<img loading=\"lazy\" decoding=\"async\" width=\"236\" height=\"150\" src=\"https:\/\/www.megalops.com.br\/wp-content\/uploads\/2019\/04\/recreational-nitrox-diver.png\" class=\"attachment-medium_large size-medium_large wp-image-13998\" alt=\"\" \/>\t\t\t\t\t\t\t\t\t\t\t\t\t\t\t<\/div>\n\t\t\t\t<\/div>\n\t\t\t\t<div class=\"elementor-element elementor-element-ef9c9e2 elementor-widget elementor-widget-heading\" data-id=\"ef9c9e2\" data-element_type=\"widget\" data-e-type=\"widget\" data-widget_type=\"heading.default\">\n\t\t\t\t<div class=\"elementor-widget-container\">\n\t\t\t\t\t<h2 class=\"elementor-heading-title elementor-size-large\"><h2 style=\"margin-bottom: 15px\"><span style=\"color: var( --e-global-color-primary );font-size: 42px\">Nitrox Diver<\/span><span style=\"color: var( --e-global-color-primary );font-family: Rokkitt, sans-serif;font-size: 46px\"><\/span><span style=\"color: var( --e-global-color-primary );font-family: Rokkitt, sans-serif;font-size: 46px\"><\/span><span><br><\/span><\/h2><\/h2>\t\t\t\t<\/div>\n\t\t\t\t<\/div>\n\t\t\t\t<div class=\"elementor-element elementor-element-11c7fd9 elementor-widget elementor-widget-text-editor\" data-id=\"11c7fd9\" data-element_type=\"widget\" data-e-type=\"widget\" data-widget_type=\"text-editor.default\">\n\t\t\t\t<div class=\"elementor-widget-container\">\n\t\t\t\t\t\t\t\t\t<p>Mergulhador Recreacional Nitrox. Um mergulhador verdadeiramente avan\u00e7ado sempre usa nitrox para melhorar seu conforto e divers\u00e3o.<\/p>\t\t\t\t\t\t\t\t<\/div>\n\t\t\t\t<\/div>\n\t\t\t\t\t<\/div>\n\t\t<\/div>\n\t\t\t\t<div class=\"elementor-column elementor-col-25 elementor-top-column elementor-element elementor-element-4d0ecd6\" data-id=\"4d0ecd6\" data-element_type=\"column\" data-e-type=\"column\">\n\t\t\t<div class=\"elementor-widget-wrap\">\n\t\t\t\t\t\t\t<\/div>\n\t\t<\/div>\n\t\t\t\t\t<\/div>\n\t\t<\/section>\n\t\t\t\t<section class=\"elementor-section elementor-top-section elementor-element elementor-element-ac5bef2 elementor-section-stretched elementor-section-boxed elementor-section-height-default elementor-section-height-default\" data-id=\"ac5bef2\" data-element_type=\"section\" data-e-type=\"section\" data-settings=\"{&quot;stretch_section&quot;:&quot;section-stretched&quot;,&quot;background_background&quot;:&quot;classic&quot;,&quot;shape_divider_top&quot;:&quot;mountains&quot;}\">\n\t\t\t\t\t\t\t<div class=\"elementor-background-overlay\"><\/div>\n\t\t\t\t\t\t<div class=\"elementor-shape elementor-shape-top\" aria-hidden=\"true\" data-negative=\"false\">\n\t\t\t<svg xmlns=\"http:\/\/www.w3.org\/2000\/svg\" viewBox=\"0 0 1000 100\" preserveAspectRatio=\"none\">\n\t<path class=\"elementor-shape-fill\" opacity=\"0.33\" d=\"M473,67.3c-203.9,88.3-263.1-34-320.3,0C66,119.1,0,59.7,0,59.7V0h1000v59.7 c0,0-62.1,26.1-94.9,29.3c-32.8,3.3-62.8-12.3-75.8-22.1C806,49.6,745.3,8.7,694.9,4.7S492.4,59,473,67.3z\"\/>\n\t<path class=\"elementor-shape-fill\" opacity=\"0.66\" d=\"M734,67.3c-45.5,0-77.2-23.2-129.1-39.1c-28.6-8.7-150.3-10.1-254,39.1 s-91.7-34.4-149.2,0C115.7,118.3,0,39.8,0,39.8V0h1000v36.5c0,0-28.2-18.5-92.1-18.5C810.2,18.1,775.7,67.3,734,67.3z\"\/>\n\t<path class=\"elementor-shape-fill\" d=\"M766.1,28.9c-200-57.5-266,65.5-395.1,19.5C242,1.8,242,5.4,184.8,20.6C128,35.8,132.3,44.9,89.9,52.5C28.6,63.7,0,0,0,0 h1000c0,0-9.9,40.9-83.6,48.1S829.6,47,766.1,28.9z\"\/>\n<\/svg>\t\t<\/div>\n\t\t\t\t\t<div class=\"elementor-container elementor-column-gap-default\">\n\t\t\t\t\t<div class=\"elementor-column elementor-col-33 elementor-top-column elementor-element elementor-element-fd698f6\" data-id=\"fd698f6\" data-element_type=\"column\" data-e-type=\"column\">\n\t\t\t<div class=\"elementor-widget-wrap\">\n\t\t\t\t\t\t\t<\/div>\n\t\t<\/div>\n\t\t\t\t<div class=\"elementor-column elementor-col-33 elementor-top-column elementor-element elementor-element-a08491e\" data-id=\"a08491e\" data-element_type=\"column\" data-e-type=\"column\" data-settings=\"{&quot;background_background&quot;:&quot;classic&quot;}\">\n\t\t\t<div class=\"elementor-widget-wrap elementor-element-populated\">\n\t\t\t\t\t\t<div class=\"elementor-element elementor-element-ac591f2 elementor-widget elementor-widget-text-editor\" data-id=\"ac591f2\" data-element_type=\"widget\" data-e-type=\"widget\" data-widget_type=\"text-editor.default\">\n\t\t\t\t<div class=\"elementor-widget-container\">\n\t\t\t\t\t\t\t\t\t<p>Depoimentos<\/p>\t\t\t\t\t\t\t\t<\/div>\n\t\t\t\t<\/div>\n\t\t\t\t<div class=\"elementor-element elementor-element-fc596d4 elementor-widget elementor-widget-diveintestimonial\" data-id=\"fc596d4\" data-element_type=\"widget\" data-e-type=\"widget\" data-widget_type=\"diveintestimonial.default\">\n\t\t\t\t<div class=\"elementor-widget-container\">\n\t\t\t\t\t<div class=\"testimonial-wrapper testimonial-classic text-center testimonial-dark shortcode-rand-1 divein-inline-css\" data-css=\"&quot;.shortcode-rand-1.testimonial-wrapper .testimonial-inner &gt; *:nth-child(1) { margin-bottom: 25px; }.shortcode-rand-1.testimonial-wrapper .testimonial-inner &gt; *:nth-child(2) { margin-bottom: 0px; }&quot;\"><div class=\"owl-carousel\" data-loop=\"0\" data-margin=\"0\" data-center=\"0\" data-nav=\"0\" data-dots=\"0\" data-autoplay=\"0\" data-items=\"1\" data-items-tab=\"1\" data-items-mob=\"1\" data-duration=\"5000\" data-smartspeed=\"250\" data-scrollby=\"1\" data-autoheight=\"false\"><div class=\"item\"><div class=\"testimonial-inner rounded\"><div class=\"testimonial-excerpt\"><p>Muchas gracias Mart\u00edn !!! Excelente atenci\u00f3n, gu\u00eda, instructor&#8230;fueron dos buceos inolvidables !! Muy recomendable, en<\/p>\n<\/div><!-- .testimonial-excerpt --><div class=\"testimonial-info\"><p><a href=\"https:\/\/www.megalops.com.br\/index.php\/testimonial\/kate-smith\/\" class=\"client-name\">Gabriela<\/a><span class=\"client-designation\">Assale<\/span><\/p><\/div><!-- .testimonial-info --><\/div><!-- .testimonial-inner --><\/div><!-- .item --><\/div><!-- .owl-carousel --><\/div><!-- .testimonial-wrapper -->\t\t\t\t<\/div>\n\t\t\t\t<\/div>\n\t\t\t\t\t<\/div>\n\t\t<\/div>\n\t\t\t\t<div class=\"elementor-column elementor-col-33 elementor-top-column elementor-element elementor-element-c4be073\" data-id=\"c4be073\" data-element_type=\"column\" data-e-type=\"column\">\n\t\t\t<div class=\"elementor-widget-wrap\">\n\t\t\t\t\t\t\t<\/div>\n\t\t<\/div>\n\t\t\t\t\t<\/div>\n\t\t<\/section>\n\t\t\t\t<\/div>\n\t\t","protected":false},"excerpt":{"rendered":"<p>Open Water Diver O sexto continente espera por voc\u00ea!O curso SNSI Open Water Diver ensinar\u00e1<\/p>\n","protected":false},"author":1,"featured_media":0,"parent":0,"menu_order":0,"comment_status":"closed","ping_status":"closed","template":"","meta":{"footnotes":""},"class_list":["post-12849","page","type-page","status-publish","hentry"],"_links":{"self":[{"href":"https:\/\/www.megalops.com.br\/index.php\/wp-json\/wp\/v2\/pages\/12849"}],"collection":[{"href":"https:\/\/www.megalops.com.br\/index.php\/wp-json\/wp\/v2\/pages"}],"about":[{"href":"https:\/\/www.megalops.com.br\/index.php\/wp-json\/wp\/v2\/types\/page"}],"author":[{"embeddable":true,"href":"https:\/\/www.megalops.com.br\/index.php\/wp-json\/wp\/v2\/users\/1"}],"replies":[{"embeddable":true,"href":"https:\/\/www.megalops.com.br\/index.php\/wp-json\/wp\/v2\/comments?post=12849"}],"version-history":[{"count":41,"href":"https:\/\/www.megalops.com.br\/index.php\/wp-json\/wp\/v2\/pages\/12849\/revisions"}],"predecessor-version":[{"id":14347,"href":"https:\/\/www.megalops.com.br\/index.php\/wp-json\/wp\/v2\/pages\/12849\/revisions\/14347"}],"wp:attachment":[{"href":"https:\/\/www.megalops.com.br\/index.php\/wp-json\/wp\/v2\/media?parent=12849"}],"curies":[{"name":"wp","href":"https:\/\/api.w.org\/{rel}","templated":true}]}}